{"id":141,"date":"2020-12-04T21:45:34","date_gmt":"2020-12-04T21:45:34","guid":{"rendered":"https:\/\/www.thefiftys.fr\/?post_type=product&#038;p=141"},"modified":"2024-11-11T07:37:25","modified_gmt":"2024-11-11T07:37:25","slug":"the-fiftys-en-live","status":"publish","type":"product","link":"https:\/\/www.thefiftys.fr\/?product=the-fiftys-en-live","title":{"rendered":"The Fifty&rsquo;s en live"},"content":{"rendered":"<p><em>Album the Fifty&rsquo;s<\/em><\/p>\n<p>Rockabilly survitamin\u00e9, \u00e9coutez the Fifty&rsquo;s d\u00e8s maintenant en vous procurant le CD \u00ab\u00a0The Fifty&rsquo;s en live\u00a0\u00bb.<\/p>\n<p>CD enregistr\u00e9 en public &#8211; concert de \u00a0titres<\/p>\n","protected":false},"excerpt":{"rendered":"<p style=\"text-align: center;\"><strong>KEEP ON ROCKIN&rsquo; FOLKS !!!<\/strong><\/p>\n[audio mp3=\"https:\/\/www.thefiftys.fr\/wp-content\/uploads\/2020\/12\/The-Fiftys-Best-of-Live-Teaser.mp3\"][\/audio]\n","protected":false},"featured_media":142,"comment_status":"open","ping_status":"closed","template":"","meta":[],"product_cat":[17],"product_tag":[],"_links":{"self":[{"href":"https:\/\/www.thefiftys.fr\/index.php?rest_route=\/wp\/v2\/product\/141"}],"collection":[{"href":"https:\/\/www.thefiftys.fr\/index.php?rest_route=\/wp\/v2\/product"}],"about":[{"href":"https:\/\/www.thefiftys.fr\/index.php?rest_route=\/wp\/v2\/types\/product"}],"replies":[{"embeddable":true,"href":"https:\/\/www.thefiftys.fr\/index.php?rest_route=%2Fwp%2Fv2%2Fcomments&post=141"}],"wp:featuredmedia":[{"embeddable":true,"href":"https:\/\/www.thefiftys.fr\/index.php?rest_route=\/wp\/v2\/media\/142"}],"wp:attachment":[{"href":"https:\/\/www.thefiftys.fr\/index.php?rest_route=%2Fwp%2Fv2%2Fmedia&parent=141"}],"wp:term":[{"taxonomy":"product_cat","embeddable":true,"href":"https:\/\/www.thefiftys.fr\/index.php?rest_route=%2Fwp%2Fv2%2Fproduct_cat&post=141"},{"taxonomy":"product_tag","embeddable":true,"href":"https:\/\/www.thefiftys.fr\/index.php?rest_route=%2Fwp%2Fv2%2Fproduct_tag&post=141"}],"curies":[{"name":"wp","href":"https:\/\/api.w.org\/{rel}","templated":true}]}}